{"id":710,"date":"2017-11-07T18:48:31","date_gmt":"2017-11-07T16:48:31","guid":{"rendered":"http:\/\/www.businessparkgreimerath.de\/?page_id=710"},"modified":"2017-11-07T20:00:28","modified_gmt":"2017-11-07T18:00:28","slug":"spatenstich-logistikzentrum","status":"publish","type":"page","link":"http:\/\/www.businessparkgreimerath.de\/?page_id=710","title":{"rendered":"Spatenstich Logistikzentrum"},"content":{"rendered":"<h1>Spatenstich zum Baubeginn des neuen Logistikzentrum der SoftExpress GmbH<\/h1>\n<p><img loading=\"lazy\" decoding=\"async\" class=\"alignnone\" style=\"margin-left: 0px; margin-bottom: 20px;\" title=\"Spatenstich zum Baubeginn\" src=\"\/wp-content\/uploads\/2012\/07\/spatenstich.jpg\" alt=\"\" width=\"624\" height=\"415\" \/>Greimerath: Mit dem Anrollen der Bagger am Morgen des 07. Mai starten die Bauarbeiten f\u00fcr das neue Logistikzentrum der <a href=\"http:\/\/www.softexpress.de\" target=\"_blank\" rel=\"noopener\">SoftExpress GmbH<\/a>.<\/p>\n<p><img loading=\"lazy\" decoding=\"async\" class=\"alignnone\" style=\"margin-left: 0px; margin-bottom: 20px;\" title=\"Logistikzentrum\" src=\"\/wp-content\/uploads\/2012\/07\/logistikzentrum.jpg\" alt=\"\" width=\"624\" height=\"322\" \/>Mit einer Gesamtlagerfl\u00e4che von \u00fcber 2000 m\u00b2 und einem Hallenvolumen von mehr als 15.000 m\u00b3 ist die neue Lagerhalle rund doppelt so gro\u00df wie die bisherige.<\/p>\n","protected":false},"excerpt":{"rendered":"<p>Spatenstich zum Baubeginn des neuen Logistikzentrum der SoftExpress GmbH Greimerath: Mit dem Anrollen der Bagger am Morgen des 07. Mai starten die Bauarbeiten f\u00fcr das neue Logistikzentrum der SoftExpress GmbH. Mit einer Gesamtlagerfl\u00e4che von \u00fcber 2000 m\u00b2 und einem Hallenvolumen von mehr als 15.000 m\u00b3 ist die neue Lagerhalle rund doppelt so gro\u00df wie die [&hellip;]<\/p>\n","protected":false},"author":4,"featured_media":0,"parent":728,"menu_order":1,"comment_status":"closed","ping_status":"closed","template":"","meta":{"footnotes":""},"class_list":["post-710","page","type-page","status-publish","hentry"],"_links":{"self":[{"href":"http:\/\/www.businessparkgreimerath.de\/index.php?rest_route=\/wp\/v2\/pages\/710","targetHints":{"allow":["GET"]}}],"collection":[{"href":"http:\/\/www.businessparkgreimerath.de\/index.php?rest_route=\/wp\/v2\/pages"}],"about":[{"href":"http:\/\/www.businessparkgreimerath.de\/index.php?rest_route=\/wp\/v2\/types\/page"}],"author":[{"embeddable":true,"href":"http:\/\/www.businessparkgreimerath.de\/index.php?rest_route=\/wp\/v2\/users\/4"}],"replies":[{"embeddable":true,"href":"http:\/\/www.businessparkgreimerath.de\/index.php?rest_route=%2Fwp%2Fv2%2Fcomments&post=710"}],"version-history":[{"count":2,"href":"http:\/\/www.businessparkgreimerath.de\/index.php?rest_route=\/wp\/v2\/pages\/710\/revisions"}],"predecessor-version":[{"id":712,"href":"http:\/\/www.businessparkgreimerath.de\/index.php?rest_route=\/wp\/v2\/pages\/710\/revisions\/712"}],"up":[{"embeddable":true,"href":"http:\/\/www.businessparkgreimerath.de\/index.php?rest_route=\/wp\/v2\/pages\/728"}],"wp:attachment":[{"href":"http:\/\/www.businessparkgreimerath.de\/index.php?rest_route=%2Fwp%2Fv2%2Fmedia&parent=710"}],"curies":[{"name":"wp","href":"https:\/\/api.w.org\/{rel}","templated":true}]}}