{"id":15,"date":"2012-07-13T11:54:45","date_gmt":"2012-07-13T09:54:45","guid":{"rendered":"http:\/\/62.156.143.137\/?page_id=15"},"modified":"2015-12-07T13:17:07","modified_gmt":"2015-12-07T11:17:07","slug":"wirtschaftsfreundlichkeit","status":"publish","type":"page","link":"http:\/\/www.businessparkgreimerath.de\/?page_id=15","title":{"rendered":"Verwaltung"},"content":{"rendered":"<p>Alle zust\u00e4ndigen Beh\u00f6rden und \u00c4mter stehen den neuen Investoren mit Rat und Tat zur Seite. Sie unterst\u00fctzen Sie in Genehmigungsverfahren durch Koordination, Beratung und Beschleunigung.<\/p>\n<p><img loading=\"lazy\" decoding=\"async\" class=\"alignnone\" title=\"Wirtschaftsfreundliche Verwaltung\" src=\"\/wp-content\/uploads\/2012\/07\/verwaltung.jpg\" alt=\"Ausgezeichnete Verwaltung sorgt f\u00fcr regionale Wirtschaftsf\u00f6rderung\" width=\"1060\" height=\"485\" \/><\/p>\n<p>Die <a title=\"Verbandsgemeinde Manderscheid\" href=\"http:\/\/www.vgv-manderscheid.de\/\" target=\"_blank\">Verbandsgemeinde Manderscheid<\/a> wurde daf\u00fcr sogar im Jahre 2001 vom Ministerium f\u00fcr Wirtschaft, Verkehr, Landwirtschaft &amp; Weinbau, Rheinland-Pfalz als <a title=\"Auszeichnung &quot;mittelstandsfreundliche Kommune&quot;\" href=\"http:\/\/www.vgv-manderscheid.de\/wirtsch\/wirtschaft.htm\" target=\"_blank\">&#8222;Mittelstandsfreundliche Kommune&#8220; ausgezeichnet<\/a>!<\/p>\n<p>Seit 1. Juli 2014 ist die Verbandsgemeinde Manderscheid mit der Verbandsgemeinde Wittlich-Land fusioniert. <\/p>\n","protected":false},"excerpt":{"rendered":"<p>Alle zust\u00e4ndigen Beh\u00f6rden und \u00c4mter stehen den neuen Investoren mit Rat und Tat zur Seite. Sie unterst\u00fctzen Sie in Genehmigungsverfahren durch Koordination, Beratung und Beschleunigung. Die Verbandsgemeinde Manderscheid wurde daf\u00fcr sogar im Jahre 2001 vom Ministerium f\u00fcr Wirtschaft, Verkehr, Landwirtschaft &amp; Weinbau, Rheinland-Pfalz als &#8222;Mittelstandsfreundliche Kommune&#8220; ausgezeichnet! Seit 1. Juli 2014 ist die Verbandsgemeinde Manderscheid [&hellip;]<\/p>\n","protected":false},"author":4,"featured_media":0,"parent":0,"menu_order":0,"comment_status":"open","ping_status":"open","template":"","meta":{"footnotes":""},"class_list":["post-15","page","type-page","status-publish","hentry"],"_links":{"self":[{"href":"http:\/\/www.businessparkgreimerath.de\/index.php?rest_route=\/wp\/v2\/pages\/15","targetHints":{"allow":["GET"]}}],"collection":[{"href":"http:\/\/www.businessparkgreimerath.de\/index.php?rest_route=\/wp\/v2\/pages"}],"about":[{"href":"http:\/\/www.businessparkgreimerath.de\/index.php?rest_route=\/wp\/v2\/types\/page"}],"author":[{"embeddable":true,"href":"http:\/\/www.businessparkgreimerath.de\/index.php?rest_route=\/wp\/v2\/users\/4"}],"replies":[{"embeddable":true,"href":"http:\/\/www.businessparkgreimerath.de\/index.php?rest_route=%2Fwp%2Fv2%2Fcomments&post=15"}],"version-history":[{"count":12,"href":"http:\/\/www.businessparkgreimerath.de\/index.php?rest_route=\/wp\/v2\/pages\/15\/revisions"}],"predecessor-version":[{"id":121,"href":"http:\/\/www.businessparkgreimerath.de\/index.php?rest_route=\/wp\/v2\/pages\/15\/revisions\/121"}],"wp:attachment":[{"href":"http:\/\/www.businessparkgreimerath.de\/index.php?rest_route=%2Fwp%2Fv2%2Fmedia&parent=15"}],"curies":[{"name":"wp","href":"https:\/\/api.w.org\/{rel}","templated":true}]}}